{"id":874,"date":"2021-12-22T09:57:14","date_gmt":"2021-12-22T14:57:14","guid":{"rendered":"https:\/\/parexel-academy.com\/?page_id=874"},"modified":"2022-03-14T14:13:48","modified_gmt":"2022-03-14T18:13:48","slug":"terms-and-conditions","status":"publish","type":"page","link":"https:\/\/www.parexel-academy.com\/de\/terms-and-conditions\/","title":{"rendered":"Terms of use"},"content":{"rendered":"<div data-elementor-type=\"wp-page\" data-elementor-id=\"874\" class=\"elementor elementor-874\" data-elementor-post-type=\"page\">\n\t\t\t\t\t\t<section class=\"elementor-section elementor-top-section elementor-element elementor-element-af82724 elementor-section-full_width elementor-section-height-default elementor-section-height-default\" data-id=\"af82724\" data-element_type=\"section\" data-settings=\"{&quot;background_background&quot;:&quot;classic&quot;}\">\n\t\t\t\t\t\t<div class=\"elementor-container elementor-column-gap-no\">\n\t\t\t\t\t<div class=\"elementor-column elementor-col-100 elementor-top-column elementor-element elementor-element-a7d819b\" data-id=\"a7d819b\" data-element_type=\"column\">\n\t\t\t<div class=\"elementor-widget-wrap elementor-element-populated\">\n\t\t\t\t\t\t<div class=\"elementor-element elementor-element-74ac7af elementor-widget elementor-widget-heading\" data-id=\"74ac7af\" data-element_type=\"widget\" data-widget_type=\"heading.default\">\n\t\t\t\t\t<h1 class=\"elementor-heading-title elementor-size-default\">Nutzungsbedingungen<\/h1>\t\t\t\t<\/div>\n\t\t\t\t\t<\/div>\n\t\t<\/div>\n\t\t\t\t\t<\/div>\n\t\t<\/section>\n\t\t\t\t<section class=\"elementor-section elementor-top-section elementor-element elementor-element-dff0602 elementor-section-boxed elementor-section-height-default elementor-section-height-default\" data-id=\"dff0602\" data-element_type=\"section\">\n\t\t\t\t\t\t<div class=\"elementor-container elementor-column-gap-default\">\n\t\t\t\t\t<div class=\"elementor-column elementor-col-100 elementor-top-column elementor-element elementor-element-4e1277e\" data-id=\"4e1277e\" data-element_type=\"column\">\n\t\t\t<div class=\"elementor-widget-wrap elementor-element-populated\">\n\t\t\t\t\t\t<div class=\"elementor-element elementor-element-93f6a63 elementor-widget elementor-widget-text-editor\" data-id=\"93f6a63\" data-element_type=\"widget\" data-widget_type=\"text-editor.default\">\n\t\t\t\t\t\t\t\t\t<p style=\"font-size: 0.95em; line-height: 1.6em; margin-bottom: 1.2em; font-family: Lato; font-style: normal; font-weight: 400;\">Die Nutzung dieser Website (diese \u201eWebsite\u201c) unterliegt den hierin angegebenen Bedingungen. Die Nutzung dieser Website stellt eine Zustimmung von Ihnen, dem Benutzer, dar, dass Ihre Nutzung diesen Nutzungsbedingungen unterliegt. Dar\u00fcber hinaus k\u00f6nnen Sie bei der Nutzung bestimmter Dienste auf dieser Website zus\u00e4tzlichen Bedingungen, Richtlinien oder Regeln unterliegen, die f\u00fcr solche Dienste gelten und von Zeit zu Zeit ver\u00f6ffentlicht werden k\u00f6nnen.<\/p><h3 style=\"font-weight: bold; font-size: 1.75em; margin-bottom: 0.33em; color: #4e565b; font-family: Lato; font-style: normal;\">Eigentum an Urheberrechten\/Nutzungsbeschr\u00e4nkungen<\/h3><p style=\"font-size: 0.95em; line-height: 1.6em; margin-bottom: 1.2em; font-family: Lato; font-style: normal; font-weight: 400;\">Die auf dieser Website enthaltenen urheberrechtlich gesch\u00fctzten Werke, einschlie\u00dflich, aber nicht beschr\u00e4nkt auf alle Designs, Texte und Bilder, sind, sofern nicht ausdr\u00fccklich anders angegeben, Eigentum der Parexel International Corporation (\u201eParexel\u201c) oder ihrer Lizenzgeber. Der gesamte Inhalt dieser Website ist durch US-amerikanische und weltweite Urheberrechtsgesetze und Vertragsbestimmungen gesch\u00fctzt. In \u00dcbereinstimmung mit diesen Bedingungen, au\u00dfer wie hierin angegeben, d\u00fcrfen Sie und andere Website-Benutzer nicht:<\/p><p style=\"font-size: 0.95em; line-height: 1.6em; margin-bottom: 1.2em; font-family: Lato; font-style: normal; font-weight: 400;\">\u2022 Kopieren, reproduzieren, modifizieren, verwenden, neu ver\u00f6ffentlichen, hochladen, posten, \u00fcbertragen, verteilen oder in irgendeiner Weise Material von dieser Website au\u00dfer als Teil dieser Website ohne die ausdr\u00fcckliche schriftliche Zustimmung von Parexel nutzen.<br \/>\u2022 Die auf dieser Website erscheinenden Marken, Namen oder Logos von Parexel ohne die ausdr\u00fcckliche schriftliche Zustimmung von Parexel in irgendeiner Weise zu kopieren, zu modifizieren oder anzuzeigen.<br \/>\u2022 Seiten, Texte, Bilder oder andere Inhalte dieser Website unter Verwendung der \u201eFraming\u201c-Technologie ohne die ausdr\u00fcckliche schriftliche Zustimmung von Parexel erneut bereitzustellen.<\/p><p style=\"font-size: 0.95em; line-height: 1.6em; margin-bottom: 1.2em; font-family: Lato; font-style: normal; font-weight: 400;\">Wenn eine Funktion dieser Website so konfiguriert ist, dass sie das Herunterladen bestimmter Materialien oder Inhalte erm\u00f6glicht, d\u00fcrfen Sie eine Kopie dieser Materialien oder Inhalte auf einen einzelnen Computer nur f\u00fcr Ihren pers\u00f6nlichen, nicht kommerziellen Gebrauch herunterladen, vorausgesetzt, dass Sie (a) alle Urheberrechte intakt halten und andere Eigentumshinweise, (b) keine \u00c4nderungen am Material oder Inhalt vornehmen und (c) das Material oder den Inhalt nicht in einer Weise verwenden, die eine Verbindung mit Produkten, Dienstleistungen oder Marken von Parexel suggeriert. Jegliche kommerzielle Nutzung, \u201eRemailing\u201c oder gro\u00dfvolumige oder automatisierte Nutzung dieser Website ist untersagt. Sie m\u00fcssen sich an alle Urheberrechtshinweise, Informationen oder Einschr\u00e4nkungen halten, die in Materialien oder Inhalten enthalten oder diesen beigef\u00fcgt sind. Nichts, was hierin enthalten ist, darf so ausgelegt werden, dass es eine Lizenz oder ein Recht unter einem geistigen Eigentumsrecht von Parexel \u00fcbertr\u00e4gt, au\u00dfer wie hierin ausdr\u00fccklich gew\u00e4hrt. Alle Eingaben \u00fcber diese Website werden das ausschlie\u00dfliche Eigentum von Parexel.<\/p><h3 style=\"font-weight: bold; font-size: 1.75em; margin-bottom: 0.33em; color: #4e565b; font-family: Lato; font-style: normal;\">Haftungsausschluss; keine Garantie<\/h3><p style=\"font-size: 0.95em; line-height: 1.6em; margin-bottom: 1.2em; font-family: Lato; font-style: normal; font-weight: 400;\">Die auf dieser Website enthaltenen Sachinformationen stammen aus Quellen, die als zuverl\u00e4ssig und genau gelten. Parexel gibt keine ausdr\u00fcckliche oder stillschweigende Garantie oder Gew\u00e4hrleistung hinsichtlich der Zuverl\u00e4ssigkeit, Genauigkeit, Aktualit\u00e4t oder Vollst\u00e4ndigkeit dieser Informationen und ist nicht verantwortlich f\u00fcr darin enthaltene Fehler oder Auslassungen, unabh\u00e4ngig davon, ob diese durch die Informationsquelle oder Parexel verursacht wurden. Alle sachlichen und sonstigen Informationen, Meinungen, Materialien, einschlie\u00dflich aller per Download bereitgestellten Materialien, Produkte, Software oder Dienstleistungen, auf die \u00fcber diese Website zugegriffen werden kann, werden ohne M\u00e4ngelgew\u00e4hr und ohne Einschr\u00e4nkung der Allgemeing\u00fcltigkeit des Vorstehenden bereitgestellt , ALLE GEW\u00c4HRLEISTUNGEN DER GENAUIGKEIT, NICHTVERLETZUNG VON RECHTEN DRITTER, MARKTG\u00c4NGIGKEIT UND EIGNUNG F\u00dcR EINEN BESTIMMTEN ZWECK WERDEN AUSDR\u00dcCKLICH AUSGESCHLOSSEN. Sie verstehen und stimmen zu, dass Sie allein f\u00fcr alle Sch\u00e4den verantwortlich sind, die sich aus Ihrer Nutzung dieser Website ergeben k\u00f6nnen, einschlie\u00dflich Datenverlust oder Sch\u00e4den an Ihrem Computersystem. Keine m\u00fcndlichen oder schriftlichen Ratschl\u00e4ge oder Informationen, die Sie von Parexel oder \u00fcber diese Website erhalten, begr\u00fcnden eine Garantie.<\/p><h3 style=\"font-weight: bold; font-size: 1.75em; margin-bottom: 0.33em; color: #4e565b; font-family: Lato; font-style: normal;\">Haftungsbeschr\u00e4nkung<\/h3><p style=\"font-size: 0.95em; line-height: 1.6em; margin-bottom: 1.2em; font-family: Lato; font-style: normal; font-weight: 400;\">SIE VERSTEHEN AUSDR\u00dcCKLICH UND STIMMEN ZU, DASS WEDER Parexel NOCH SEINE TOCHTERGESELLSCHAFTEN, F\u00dcHRUNGSKR\u00c4FTE, DIREKTOREN, MITARBEITER, LIZENZGEBER ODER VERTRETER HAFTBAR SIND F\u00dcR ENTGANGENE GEWINNE ODER DIREKTE, INDIREKTE, ZUF\u00c4LLIGE, SPEZIELLE, FOLGESCH\u00c4DEN, ENTSCH\u00c4DIGUNGEN ODER STRAFSCH\u00c4DEN, EINSCHLIESSLICH, OHNE EINSCHR\u00c4NKUNG, SCH\u00c4DEN F\u00dcR DEN VERLUST DES FIRMENWERTS, GESCH\u00c4FTSUNTERBRECHUNG, NUTZUNG, DATEN ODER ANDERE IMMATERISCHE VERLUSTE, SELBST WENN Parexel, SEINE TOCHTERGESELLSCHAFTEN, F\u00dcHRUNGSKR\u00c4FTE, DIREKTOREN, MITARBEITER, LIZENZGEBER ODER VERTRETER AUF DIE M\u00d6GLICHKEIT SOLCHER SCH\u00c4DEN, DIE AUS DER NUTZUNG ODER UNF\u00c4HIGKEIT ENTSTEHEN, HINGEWIESEN WURDEN DIESE WEBSITE ODER ANDERE ANGELEGENHEITEN IM ZUSAMMENHANG MIT DIESER WEBSITE ZU NUTZEN. DA EINIGE GERICHTSBARKEITEN DEN AUSSCHLUSS ODER DIE BESCHR\u00c4NKUNG BESTIMMTER KATEGORIEN VON SCH\u00c4DEN NICHT ZUL\u00c4SSIGEN, GILT DIE OBENSTEHENDE BESCHR\u00c4NKUNG M\u00d6GLICHERWEISE NICHT F\u00dcR SIE. IN DIESEN GERICHTSBARKEITEN GILT DIESE HAFTUNGSBESCHR\u00c4NKUNG IM VOLLEN UMFANG, DER DURCH DAS RECHT DIESER GERICHTSBARKEIT ZUL\u00c4SSIG IST.<\/p><h3 style=\"font-weight: bold; font-size: 1.75em; margin-bottom: 0.33em; color: #4e565b; font-family: Lato; font-style: normal;\">Verkn\u00fcpfung\/Werbung<\/h3><p style=\"font-size: 0.95em; line-height: 1.6em; margin-bottom: 1.2em; font-family: Lato; font-style: normal; font-weight: 400;\">Sie k\u00f6nnen \u00fcber Hypertext oder andere Computerlinks Zugang zu Websites Dritter erhalten, die nicht mit Parexel oder seinen Tochtergesellschaften verbunden sind oder von diesen unterhalten werden. Links zu Websites Dritter implizieren keine Partnerschaften, Beziehungen oder Zugeh\u00f6rigkeiten zu solchen Dritten, und Parexel \u00fcbernimmt keine Verantwortung f\u00fcr deren Inhalt, unabh\u00e4ngig davon, ob der Link von Parexel oder seinen Tochtergesellschaften oder einem Dritten bereitgestellt wird. Es wird keine Beurteilung oder Gew\u00e4hrleistung hinsichtlich der Genauigkeit, Aktualit\u00e4t oder Eignung des Inhalts von Websites Dritter abgegeben, auf die diese Website m\u00f6glicherweise verweist, einschlie\u00dflich Informationen auf solchen anderen Websites in Bezug auf Parexel. Durch die Bereitstellung des Zugriffs auf andere Websites unterst\u00fctzt Parexel nicht die Produkte und Dienstleistungen, die von Sponsororganisationen anderer Websites angeboten werden. Andere Websites k\u00f6nnen einen Link zu dieser Website enthalten; sofern solche Websites nur auf die Homepage (www.parexel-academy.com) verlinken und dass der Link und die durch den Link aktivierten Seiten nicht: (1) Ihre Beziehung zu Parexel falsch darstellen, (2) eine Billigung oder Zustimmung durch implizieren Parexel von Ihnen, Ihrer Website oder Ihren Produkten oder Dienstleistungen, (3) einen falschen oder irref\u00fchrenden Eindruck \u00fcber Parexel erwecken, (4) den mit dem Namen oder den Marken von Parexel verbundenen Firmenwert sch\u00e4digen oder (5) ohne ausdr\u00fcckliche schriftliche Genehmigung von Parexel \u201e Framing\u201c-Technologie verwenden oder in irgendeiner Weise die visuelle Pr\u00e4sentation oder das Erscheinungsbild von Inhalten auf dieser Website ver\u00e4ndern. Das Verlinken mit anderen Inhalten innerhalb dieser Website ist ohne die ausdr\u00fcckliche schriftliche Zustimmung von Parexel untersagt.<\/p><h3 style=\"font-weight: bold; font-size: 1.75em; margin-bottom: 0.33em; color: #4e565b; font-family: Lato; font-style: normal;\">Informationen und Datenschutz der Besucher<\/h3><p style=\"font-size: 0.95em; line-height: 1.6em; margin-bottom: 1.2em; font-family: Lato; font-style: normal; font-weight: 400;\">Wir erkennen an, dass Sie daran interessiert sind, wie wir Informationen \u00fcber Sie sammeln, speichern und verwenden. Bitte besuchen Sie unsere\u00a0<a style=\"color: #8a0050; transition-duration: 0.15s; transition-property: color;\" title=\"Datenschutz-Bestimmungen\" href=\"https:\/\/www.parexel-academy.com\/de\/privacy-policy\/\">Datenschutz-Bestimmungen<\/a>\u00a0f\u00fcr mehr Informationen.<\/p><h3 style=\"font-weight: bold; font-size: 1.75em; margin-bottom: 0.33em; color: #4e565b; font-family: Lato; font-style: normal;\">Lagerinformationen<\/h3><p style=\"font-size: 0.95em; line-height: 1.6em; margin-bottom: 1.2em; font-family: Lato; font-style: normal; font-weight: 400;\">Alle auf dieser Website bereitgestellten Aktieninformationen dienen nur zu Informationszwecken und sind nicht f\u00fcr Handelszwecke bestimmt. Bestandsinformationen k\u00f6nnen sich verz\u00f6gern. Die Aktieninformationen und alle Aktiendiagramme werden von Drittanbietern bereitgestellt, und wir pflegen oder liefern Informationen nicht direkt an solche Dienstleister.<\/p><h3 style=\"font-weight: bold; font-size: 1.75em; margin-bottom: 0.33em; color: #4e565b; font-family: Lato; font-style: normal;\">Website-Sicherheit<\/h3><p style=\"font-size: 0.95em; line-height: 1.6em; margin-bottom: 1.2em; font-family: Lato; font-style: normal; font-weight: 400;\">Es ist Ihnen untersagt, die Sicherheit dieser Website zu verletzen oder dies zu versuchen, einschlie\u00dflich, aber nicht beschr\u00e4nkt auf (a) den Zugriff auf Daten, die nicht f\u00fcr Ihre Anzeige bestimmt sind, oder die Anmeldung bei einem Server oder Konto, f\u00fcr den Sie keine Zugriffsberechtigung haben, (b) der Versuch dazu die Schwachstelle eines Systems oder Netzwerks zu untersuchen, zu scannen oder zu testen oder Sicherheits- oder Authentifizierungsma\u00dfnahmen ohne ordnungsgem\u00e4\u00dfe Autorisierung zu verletzen oder (c) zu versuchen, den Dienst f\u00fcr einen Benutzer, Host oder ein Netzwerk zu st\u00f6ren. Verst\u00f6\u00dfe gegen die System- oder Netzwerksicherheit k\u00f6nnen eine zivil- oder strafrechtliche Haftung nach sich ziehen. Parexel kann Strafverfolgungsbeh\u00f6rden einbeziehen und mit ihnen zusammenarbeiten, um Benutzer zu verfolgen, die an solchen Verst\u00f6\u00dfen beteiligt sind.<\/p><h3 style=\"font-weight: bold; font-size: 1.75em; margin-bottom: 0.33em; color: #4e565b; font-family: Lato; font-style: normal;\">Durchsetzung der Allgemeinen Gesch\u00e4ftsbedingungen<\/h3><p style=\"font-size: 0.95em; line-height: 1.6em; margin-bottom: 1.2em; font-family: Lato; font-style: normal; font-weight: 400;\">Parexel gibt keine Zusicherung, dass die bereitgestellten Inhalte an allen Orten anwendbar oder f\u00fcr die Verwendung geeignet sind. Diese Gesch\u00e4ftsbedingungen unterliegen den Gesetzen des Commonwealth of Massachusetts, Vereinigte Staaten von Amerika, und werden entsprechend ausgelegt, ungeachtet etwaiger Grunds\u00e4tze des Kollisionsrechts. Wenn Sie im Zusammenhang mit diesen Bedingungen rechtliche Schritte einleiten, erkl\u00e4ren Sie sich damit einverstanden, diese nur bei den staatlichen und bundesstaatlichen Gerichten im Commonwealth of Massachusetts einzureichen. Wenn ein Teil dieser Allgemeinen Gesch\u00e4ftsbedingungen rechtswidrig, nichtig oder nicht durchsetzbar ist, gilt dieser Teil als abtrennbar und ber\u00fchrt nicht die G\u00fcltigkeit und Durchsetzbarkeit der \u00fcbrigen Bestimmungen.<\/p><h3 style=\"font-weight: bold; font-size: 1.75em; margin-bottom: 0.33em; color: #4e565b; font-family: Lato; font-style: normal;\">Warenzeichen<\/h3><p style=\"font-size: 0.95em; line-height: 1.6em; margin-bottom: 1.2em; font-family: Lato; font-style: normal; font-weight: 400;\">ClinBase, Health Advances, Heron, i-MSL, the Medical Affairs Company, Parexel, Parexel Apex, TMAC, TMAC Direct, Ihre Reise. Unsere Aufgabe. und With Heart sind Marken der Parexel International Corporation oder ihrer Tochtergesellschaften, die in den Vereinigten Staaten und\/oder anderen Gerichtsbarkeiten eingetragen sein k\u00f6nnen. Soweit eine Marke, Dienstleistungsmarke, ein Name oder ein Logo nicht in dieser Liste erscheint, stellt eine solche Auslassung keinen Verzicht auf alle Rechte an geistigem Eigentum dar, die Parexel oder seine Tochtergesellschaften an einer solchen Marke, Dienstleistungsmarke oder einem solchen Namen begr\u00fcndet haben oder Logo verbleiben ausschlie\u00dflich bei Parexel oder seinen Tochtergesellschaften. Alle anderen Warenzeichen sind Eigentum ihrer jeweiligen Inhaber und werden hiermit anerkannt.<\/p><h3 style=\"font-weight: bold; font-size: 1.75em; margin-bottom: 0.33em; color: #4e565b; font-family: Lato; font-style: normal;\">Erg\u00e4nzungen und Modifikationen<\/h3><p style=\"font-size: 0.95em; line-height: 1.6em; margin-bottom: 1.2em; font-family: Lato; font-style: normal; font-weight: 400;\">Parexel beh\u00e4lt sich das Recht vor, die Informationen, Dienstleistungen und\/oder Inhalte dieser Website, einschlie\u00dflich derjenigen in Bezug auf Karrierem\u00f6glichkeiten und Vorteile, jederzeit ohne vorherige Ank\u00fcndigung zu \u00e4ndern. Die auf dieser Website enthaltenen Informationen und Materialien sowie diese Nutzungsbedingungen k\u00f6nnen ohne Vorank\u00fcndigung ge\u00e4ndert werden. Wir empfehlen Ihnen, diese Bedingungen regelm\u00e4\u00dfig auf \u00c4nderungen zu \u00fcberpr\u00fcfen. Diese Bedingungen k\u00f6nnen \u00fcber den Link am Ende unserer Website aufgerufen werden. Wenn Sie diese Website nutzen, nachdem wir \u00c4nderungen an den Bedingungen ver\u00f6ffentlicht haben, akzeptieren Sie die ge\u00e4nderten Bedingungen. Parexel beh\u00e4lt sich ausdr\u00fccklich das Recht vor, jegliche Nutzung dieser Website zu \u00fcberwachen.<\/p><h3 style=\"font-weight: bold; font-size: 1.75em; margin-bottom: 0.33em; color: #4e565b; font-family: Lato; font-style: normal;\">Nutzungsbedingungen des Parexel Regulatory Blog<\/h3><h4 style=\"font-weight: 900; font-size: 1.4em; margin-bottom: 0.33em; color: #4e565b; font-family: Lato; font-style: normal;\">Haftungsausschluss; Keine Garantie oder Rechtsberatung<\/h4><p style=\"font-size: 0.95em; line-height: 1.6em; margin-bottom: 1.2em; font-family: Lato; font-style: normal; font-weight: 400;\">Die auf dieser Website enthaltenen Sachinformationen stammen aus Quellen, die als zuverl\u00e4ssig und genau gelten. Parexel gibt keine ausdr\u00fcckliche oder stillschweigende Garantie oder Gew\u00e4hrleistung in Bezug auf die Zuverl\u00e4ssigkeit, Genauigkeit, Aktualit\u00e4t oder Vollst\u00e4ndigkeit dieser Informationen und ist nicht verantwortlich f\u00fcr Fehler oder Auslassungen darin, unabh\u00e4ngig davon, ob sie von der Informationsquelle oder von Parexel verursacht wurden. Alle sachlichen und sonstigen Informationen, Meinungen, Materialien, einschlie\u00dflich aller per Download bereitgestellten Materialien, Produkte, Software oder Dienstleistungen, auf die \u00fcber diese Website zugegriffen werden kann, werden \u201ewie besehen\u201c ohne Gew\u00e4hrleistung jeglicher Art und ohne Einschr\u00e4nkung der Allgemeing\u00fcltigkeit des Vorstehenden bereitgestellt , ALLE GEW\u00c4HRLEISTUNGEN DER GENAUIGKEIT, NICHTVERLETZUNG VON RECHTEN DRITTER, MARKTG\u00c4NGIGKEIT UND EIGNUNG F\u00dcR EINEN BESTIMMTEN ZWECK WERDEN AUSDR\u00dcCKLICH AUSGESCHLOSSEN. Sie verstehen und stimmen zu, dass Sie allein f\u00fcr alle Sch\u00e4den verantwortlich sind, die sich aus Ihrer Nutzung dieser Website ergeben k\u00f6nnen, einschlie\u00dflich Datenverlust oder Sch\u00e4den an Ihrem Computersystem. Keine m\u00fcndlichen oder schriftlichen Ratschl\u00e4ge oder Informationen, die Sie von Parexel oder \u00fcber diese Website erhalten, begr\u00fcnden eine Garantie.<\/p><p style=\"font-size: 0.95em; line-height: 1.6em; margin-bottom: 1.2em; font-family: Lato; font-style: normal; font-weight: 400;\">Der Inhalt dieser Website wird nur als Service f\u00fcr Kunden und Freunde von Parexel angeboten und stellt keine Aufforderung oder Bereitstellung von rechtlicher oder regulatorischer Beratung dar. Diese Website sollte nicht als Ersatz f\u00fcr die Einholung von Rechts- oder Aufsichtsberatung durch einen qualifizierten Anwalt oder Aufsichtsberater verwendet werden. Die auf dieser Website ge\u00e4u\u00dferten Kommentare und Meinungen stammen von den einzelnen Autoren und spiegeln m\u00f6glicherweise nicht die Meinungen von Parexel oder seinen Mitarbeitern oder Vertretern wider.<\/p><p style=\"font-size: 0.95em; line-height: 1.6em; margin-bottom: 1.2em; font-family: Lato; font-style: normal; font-weight: 400;\">Nichts auf dieser Website soll eine Anwalts-Mandanten-Beziehung begr\u00fcnden, und nichts Gepostetes stellt eine Rechts- oder Regulierungsberatung dar. Weder die \u00dcbermittlung der auf dieser Website enthaltenen Informationen noch Ihre Nutzung der Informationen oder die Kommunikation mit Parexel oder seinen Mitarbeitern oder Vertretern begr\u00fcndet ein Mandatsverh\u00e4ltnis irgendeiner Art. Keine Informationen, die \u00fcber diese Website an Parexel \u00fcbermittelt werden, sind durch das Anwaltsgeheimnis oder die Arbeitsproduktdoktrin gesch\u00fctzt.<\/p><p style=\"font-size: 0.95em; line-height: 1.6em; margin-bottom: 1.2em; font-family: Lato; font-style: normal; font-weight: 400;\">Wenn Sie jemandem \u00fcber diese Website eine E-Mail senden, geben Sie keine vertraulichen, Gesch\u00e4ftsgeheimnisse oder anderweitig sensiblen Informationen zu potenziellen oder tats\u00e4chlichen Rechtsangelegenheiten in die E-Mail-\u00dcbermittlung ein. Unerbetene E-Mails begr\u00fcnden kein Mandatsverh\u00e4ltnis, und vertrauliche oder Gesch\u00e4ftsgeheimnisse, die in solchen E-Mails enthalten sind, k\u00f6nnen nicht vor der Offenlegung gesch\u00fctzt werden. Weder Parexel noch seine Mitarbeiter, Vertreter und Mitwirkenden an dieser Website sind verpflichtet, Informationen, die Sie ihnen zur Verf\u00fcgung stellen, vertraulich zu behandeln.<\/p>\t\t\t\t\t\t\t\t<\/div>\n\t\t\t\t\t<\/div>\n\t\t<\/div>\n\t\t\t\t\t<\/div>\n\t\t<\/section>\n\t\t\t\t<\/div>","protected":false},"excerpt":{"rendered":"<p>Terms of Use The use of this website (this &#8220;Website&#8221;) is subject to the terms and conditions stated herein. Use of this Website constitutes an agreement by you, the user, that your use is governed by these Terms of Service. In addition, when using particular services on this Website, you may be subject to additional [&hellip;]<\/p>\n","protected":false},"author":3,"featured_media":0,"parent":0,"menu_order":0,"comment_status":"closed","ping_status":"closed","template":"","meta":{"_acf_changed":false,"site-sidebar-layout":"no-sidebar","site-content-layout":"page-builder","ast-site-content-layout":"default","site-content-style":"default","site-sidebar-style":"default","ast-global-header-display":"","ast-banner-title-visibility":"","ast-main-header-display":"","ast-hfb-above-header-display":"","ast-hfb-below-header-display":"","ast-hfb-mobile-header-display":"","site-post-title":"disabled","ast-breadcrumbs-content":"","ast-featured-img":"disabled","footer-sml-layout":"","ast-disable-related-posts":"","theme-transparent-header-meta":"","adv-header-id-meta":"","stick-header-meta":"","header-above-stick-meta":"","header-main-stick-meta":"","header-below-stick-meta":"","astra-migrate-meta-layouts":"default","ast-page-background-enabled":"default","ast-page-background-meta":{"desktop":{"background-color":"var(--ast-global-color-4)","background-image":"","background-repeat":"repeat","background-position":"center center","background-size":"auto","background-attachment":"scroll","background-type":"","background-media":"","overlay-type":"","overlay-color":"","overlay-opacity":"","overlay-gradient":""},"tablet":{"background-color":"","background-image":"","background-repeat":"repeat","background-position":"center center","background-size":"auto","background-attachment":"scroll","background-type":"","background-media":"","overlay-type":"","overlay-color":"","overlay-opacity":"","overlay-gradient":""},"mobile":{"background-color":"","background-image":"","background-repeat":"repeat","background-position":"center center","background-size":"auto","background-attachment":"scroll","background-type":"","background-media":"","overlay-type":"","overlay-color":"","overlay-opacity":"","overlay-gradient":""}},"ast-content-background-meta":{"desktop":{"background-color":"var(--ast-global-color-5)","background-image":"","background-repeat":"repeat","background-position":"center center","background-size":"auto","background-attachment":"scroll","background-type":"","background-media":"","overlay-type":"","overlay-color":"","overlay-opacity":"","overlay-gradient":""},"tablet":{"background-color":"var(--ast-global-color-5)","background-image":"","background-repeat":"repeat","background-position":"center center","background-size":"auto","background-attachment":"scroll","background-type":"","background-media":"","overlay-type":"","overlay-color":"","overlay-opacity":"","overlay-gradient":""},"mobile":{"background-color":"var(--ast-global-color-5)","background-image":"","background-repeat":"repeat","background-position":"center center","background-size":"auto","background-attachment":"scroll","background-type":"","background-media":"","overlay-type":"","overlay-color":"","overlay-opacity":"","overlay-gradient":""}},"footnotes":""},"class_list":["post-874","page","type-page","status-publish","hentry"],"acf":[],"_links":{"self":[{"href":"https:\/\/www.parexel-academy.com\/de\/wp-json\/wp\/v2\/pages\/874","targetHints":{"allow":["GET"]}}],"collection":[{"href":"https:\/\/www.parexel-academy.com\/de\/wp-json\/wp\/v2\/pages"}],"about":[{"href":"https:\/\/www.parexel-academy.com\/de\/wp-json\/wp\/v2\/types\/page"}],"author":[{"embeddable":true,"href":"https:\/\/www.parexel-academy.com\/de\/wp-json\/wp\/v2\/users\/3"}],"replies":[{"embeddable":true,"href":"https:\/\/www.parexel-academy.com\/de\/wp-json\/wp\/v2\/comments?post=874"}],"version-history":[{"count":5,"href":"https:\/\/www.parexel-academy.com\/de\/wp-json\/wp\/v2\/pages\/874\/revisions"}],"predecessor-version":[{"id":1496,"href":"https:\/\/www.parexel-academy.com\/de\/wp-json\/wp\/v2\/pages\/874\/revisions\/1496"}],"wp:attachment":[{"href":"https:\/\/www.parexel-academy.com\/de\/wp-json\/wp\/v2\/media?parent=874"}],"curies":[{"name":"wp","href":"https:\/\/api.w.org\/{rel}","templated":true}]}}