{"id":1501,"date":"2021-12-27T05:39:33","date_gmt":"2021-12-27T10:39:33","guid":{"rendered":"https:\/\/parexel-academy.com\/?page_id=1501"},"modified":"2022-03-14T14:13:25","modified_gmt":"2022-03-14T18:13:25","slug":"available-courses-organizations-custom-courses","status":"publish","type":"page","link":"https:\/\/www.parexel-academy.com\/de\/available-courses-organizations-custom-courses\/","title":{"rendered":"Available Courses \u2013 Organizations \u2013 Custom Courses"},"content":{"rendered":"<div data-elementor-type=\"wp-page\" data-elementor-id=\"1501\" class=\"elementor elementor-1501\" data-elementor-post-type=\"page\">\n\t\t\t\t\t\t<section class=\"elementor-section elementor-top-section elementor-element elementor-element-4f962c8b elementor-section-full_width elementor-section-height-default elementor-section-height-default\" data-id=\"4f962c8b\" data-element_type=\"section\" data-settings=\"{&quot;background_background&quot;:&quot;classic&quot;}\">\n\t\t\t\t\t\t<div class=\"elementor-container elementor-column-gap-no\">\n\t\t\t\t\t<div class=\"elementor-column elementor-col-50 elementor-top-column elementor-element elementor-element-5bae6a77\" data-id=\"5bae6a77\" data-element_type=\"column\">\n\t\t\t<div class=\"elementor-widget-wrap elementor-element-populated\">\n\t\t\t\t\t\t<section class=\"elementor-section elementor-inner-section elementor-element elementor-element-30e30ba0 elementor-section-boxed elementor-section-height-default elementor-section-height-default\" data-id=\"30e30ba0\" data-element_type=\"section\">\n\t\t\t\t\t\t<div class=\"elementor-container elementor-column-gap-default\">\n\t\t\t\t\t<div class=\"elementor-column elementor-col-100 elementor-inner-column elementor-element elementor-element-375c2f04\" data-id=\"375c2f04\" data-element_type=\"column\">\n\t\t\t<div class=\"elementor-widget-wrap elementor-element-populated\">\n\t\t\t\t\t\t<div class=\"elementor-element elementor-element-2d0b1da3 elementor-widget elementor-widget-heading\" data-id=\"2d0b1da3\" data-element_type=\"widget\" data-widget_type=\"heading.default\">\n\t\t\t\t\t<h1 class=\"elementor-heading-title elementor-size-default\">Individuelle Lernl\u00f6sungen<\/h1>\t\t\t\t<\/div>\n\t\t\t\t<div class=\"elementor-element elementor-element-5d875b54 elementor-widget elementor-widget-heading\" data-id=\"5d875b54\" data-element_type=\"widget\" data-widget_type=\"heading.default\">\n\t\t\t\t\t<h2 class=\"elementor-heading-title elementor-size-default\">Ma\u00dfgeschneidertes Wissen direkt von der weltweit gr\u00f6\u00dften Auftragsforschungsorganisation<\/h2>\t\t\t\t<\/div>\n\t\t\t\t<div class=\"elementor-element elementor-element-6efec8b elementor-widget elementor-widget-button\" data-id=\"6efec8b\" data-element_type=\"widget\" data-widget_type=\"button.default\">\n\t\t\t\t\t\t\t\t\t\t<a class=\"elementor-button elementor-button-link elementor-size-sm\" href=\"#contact-us\">\n\t\t\t\t\t\t<span class=\"elementor-button-content-wrapper\">\n\t\t\t\t\t\t\t\t\t<span class=\"elementor-button-text\">Vereinbaren Sie einen Beratungstermin<\/span>\n\t\t\t\t\t<\/span>\n\t\t\t\t\t<\/a>\n\t\t\t\t\t\t\t\t<\/div>\n\t\t\t\t\t<\/div>\n\t\t<\/div>\n\t\t\t\t\t<\/div>\n\t\t<\/section>\n\t\t\t\t\t<\/div>\n\t\t<\/div>\n\t\t\t\t<div class=\"elementor-column elementor-col-50 elementor-top-column elementor-element elementor-element-b392a2\" data-id=\"b392a2\" data-element_type=\"column\" data-settings=\"{&quot;background_background&quot;:&quot;classic&quot;}\">\n\t\t\t<div class=\"elementor-widget-wrap elementor-element-populated\">\n\t\t\t\t\t\t<div class=\"elementor-element elementor-element-5a616833 elementor-widget elementor-widget-spacer\" data-id=\"5a616833\" data-element_type=\"widget\" data-widget_type=\"spacer.default\">\n\t\t\t\t\t\t\t<div class=\"elementor-spacer\">\n\t\t\t<div class=\"elementor-spacer-inner\"><\/div>\n\t\t<\/div>\n\t\t\t\t\t\t<\/div>\n\t\t\t\t\t<\/div>\n\t\t<\/div>\n\t\t\t\t\t<\/div>\n\t\t<\/section>\n\t\t\t\t<section class=\"elementor-section elementor-top-section elementor-element elementor-element-33ae8b38 elementor-section-full_width elementor-reverse-tablet elementor-reverse-mobile elementor-section-height-default elementor-section-height-default\" data-id=\"33ae8b38\" data-element_type=\"section\" data-settings=\"{&quot;background_background&quot;:&quot;classic&quot;}\">\n\t\t\t\t\t\t<div class=\"elementor-container elementor-column-gap-no\">\n\t\t\t\t\t<div class=\"elementor-column elementor-col-50 elementor-top-column elementor-element elementor-element-3097e495\" data-id=\"3097e495\" data-element_type=\"column\" data-settings=\"{&quot;background_background&quot;:&quot;classic&quot;}\">\n\t\t\t<div class=\"elementor-widget-wrap elementor-element-populated\">\n\t\t\t\t\t\t<div class=\"elementor-element elementor-element-222ae921 elementor-widget elementor-widget-spacer\" data-id=\"222ae921\" data-element_type=\"widget\" data-widget_type=\"spacer.default\">\n\t\t\t\t\t\t\t<div class=\"elementor-spacer\">\n\t\t\t<div class=\"elementor-spacer-inner\"><\/div>\n\t\t<\/div>\n\t\t\t\t\t\t<\/div>\n\t\t\t\t\t<\/div>\n\t\t<\/div>\n\t\t\t\t<div class=\"elementor-column elementor-col-50 elementor-top-column elementor-element elementor-element-31843381\" data-id=\"31843381\" data-element_type=\"column\">\n\t\t\t<div class=\"elementor-widget-wrap elementor-element-populated\">\n\t\t\t\t\t\t<section class=\"elementor-section elementor-inner-section elementor-element elementor-element-4a0086e1 elementor-section-boxed elementor-section-height-default elementor-section-height-default\" data-id=\"4a0086e1\" data-element_type=\"section\">\n\t\t\t\t\t\t<div class=\"elementor-container elementor-column-gap-default\">\n\t\t\t\t\t<div class=\"elementor-column elementor-col-100 elementor-inner-column elementor-element elementor-element-446daa9c\" data-id=\"446daa9c\" data-element_type=\"column\">\n\t\t\t<div class=\"elementor-widget-wrap elementor-element-populated\">\n\t\t\t\t\t\t<div class=\"elementor-element elementor-element-7c1c0d62 elementor-widget elementor-widget-heading\" data-id=\"7c1c0d62\" data-element_type=\"widget\" data-widget_type=\"heading.default\">\n\t\t\t\t\t<h3 class=\"elementor-heading-title elementor-size-default\">Fallstudie: Individuelle klinische Forschungskurse von Eli Lilly China<\/h3>\t\t\t\t<\/div>\n\t\t\t\t<div class=\"elementor-element elementor-element-4773b39b elementor-widget elementor-widget-text-editor\" data-id=\"4773b39b\" data-element_type=\"widget\" data-widget_type=\"text-editor.default\">\n\t\t\t\t\t\t\t\t\tWir erhalten oft Anfragen f\u00fcr kundenspezifische Schulungen. Wenn Ihr gew\u00fcnschter Lehrplan derzeit nicht existiert, haben wir die Wissensdatenbank und die Ressourcen, um einen f\u00fcr Sie zusammenzustellen. Nachfolgend finden Sie eine Fallstudie, die Ihnen eine Vorstellung davon gibt, wie unsere ma\u00dfgeschneiderten Kurse f\u00fcr Eli Lilly China funktioniert haben.\t\t\t\t\t\t\t\t<\/div>\n\t\t\t\t\t<\/div>\n\t\t<\/div>\n\t\t\t\t\t<\/div>\n\t\t<\/section>\n\t\t\t\t\t<\/div>\n\t\t<\/div>\n\t\t\t\t\t<\/div>\n\t\t<\/section>\n\t\t\t\t<section class=\"elementor-section elementor-top-section elementor-element elementor-element-3adab2e elementor-section-boxed elementor-section-height-default elementor-section-height-default\" data-id=\"3adab2e\" data-element_type=\"section\" data-settings=\"{&quot;background_background&quot;:&quot;classic&quot;}\">\n\t\t\t\t\t\t<div class=\"elementor-container elementor-column-gap-no\">\n\t\t\t\t\t<div class=\"elementor-column elementor-col-100 elementor-top-column elementor-element elementor-element-e410869\" data-id=\"e410869\" data-element_type=\"column\" data-settings=\"{&quot;background_background&quot;:&quot;classic&quot;}\">\n\t\t\t<div class=\"elementor-widget-wrap elementor-element-populated\">\n\t\t\t\t\t\t<div class=\"elementor-element elementor-element-edc304b elementor-widget elementor-widget-heading\" data-id=\"edc304b\" data-element_type=\"widget\" data-widget_type=\"heading.default\">\n\t\t\t\t\t<h4 class=\"elementor-heading-title elementor-size-default\">Die Geschichte von Eli Lilly China<\/h4>\t\t\t\t<\/div>\n\t\t\t\t<div class=\"elementor-element elementor-element-447892d elementor-widget elementor-widget-text-editor\" data-id=\"447892d\" data-element_type=\"widget\" data-widget_type=\"text-editor.default\">\n\t\t\t\t\t\t\t\t\t<p>Die Produkte von Eli Lilly nehmen in vielen therapeutischen Bereichen eine f\u00fchrende Rolle ein, darunter Endokrinologie, zentrales Nervensystem und Onkologie. Die Kernwerte Integrit\u00e4t, Exzellenz und Respekt f\u00fcr die Menschen leiten Lilly bei allem, was wir tun, und das gilt in China wie auf der ganzen Welt.<\/p>\n\n<p>In China ist Lilly entschlossen, die Integrit\u00e4t der Corporate Citizenship mit der Philosophie \u201eIn China, f\u00fcr China\u201c zu erf\u00fcllen. Ihr Ziel ist es, Patienten und ihren Familien die neuesten innovativen Arzneimittel von h\u00f6chster Qualit\u00e4t zur Verf\u00fcgung zu stellen, um Leben zu retten und die Lebensqualit\u00e4t zu verbessern.<\/p>\n\nEli Lilly China wandte sich an die Parexel Academy, um Unterst\u00fctzung bei ihrer globalen Studienentwicklungsstrategie in regionalen M\u00e4rkten zu erhalten. Durch die Nutzung unserer ma\u00dfgeschneiderten Universit\u00e4tskooperationen und der postgradualen Zertifikatsschulung konnten sie den Mangel an qualifiziertem medizinischem Personal, das Karrieren in der klinischen Forschung anstrebt, eind\u00e4mmen.\t\t\t\t\t\t\t\t<\/div>\n\t\t\t\t<div class=\"elementor-element elementor-element-448e92b elementor-widget elementor-widget-heading\" data-id=\"448e92b\" data-element_type=\"widget\" data-widget_type=\"heading.default\">\n\t\t\t\t\t<h4 class=\"elementor-heading-title elementor-size-default\">Der Arbeitskr\u00e4ftemangel im Gesundheitswesen vor den benutzerdefinierten Kursen der Parexel Academy<\/h4>\t\t\t\t<\/div>\n\t\t\t\t<div class=\"elementor-element elementor-element-6637a1c elementor-widget elementor-widget-text-editor\" data-id=\"6637a1c\" data-element_type=\"widget\" data-widget_type=\"text-editor.default\">\n\t\t\t\t\t\t\t\t\tEli Lilly China stand vor der gleichen Herausforderung wie alle Gesundheitsunternehmen: Arbeitskr\u00e4ftemangel. Seit 2017 arbeiten die Parexel Academy und Eli Lilly China zusammen und bieten ein Standort-Engagement-Programm an, um ihre globale Studienbereitstellungsstrategie in regionalen M\u00e4rkten zu unterst\u00fctzen. \u00dcber die Zusammenarbeit wurde von mehreren Branchenmedien in China berichtet. \t\t\t\t\t\t\t\t<\/div>\n\t\t\t\t<div class=\"elementor-element elementor-element-c391190 elementor-widget elementor-widget-heading\" data-id=\"c391190\" data-element_type=\"widget\" data-widget_type=\"heading.default\">\n\t\t\t\t\t<h4 class=\"elementor-heading-title elementor-size-default\">Warum Eli Lilly sich f\u00fcr die Parexel Academy entschieden hat<\/h4>\t\t\t\t<\/div>\n\t\t\t\t<div class=\"elementor-element elementor-element-517b837 elementor-widget elementor-widget-text-editor\" data-id=\"517b837\" data-element_type=\"widget\" data-widget_type=\"text-editor.default\">\n\t\t\t\t\t\t\t\t\tDie Parexel Academy setzt sich daf\u00fcr ein, globale Standards f\u00fcr Bildung und Training von h\u00f6chster Qualit\u00e4t zu setzen. Die Akademie entwickelt ma\u00dfgeschneiderte, sinnvolle und effektive Aus- und Weiterbildungsprogramme, um der steigenden Nachfrage nach Fach- und F\u00fchrungskr\u00e4ften in der biopharmazeutischen Industrie gerecht zu werden. Dar\u00fcber hinaus hat das Angebot kundenspezifischer Kurse Eli Lilly China letztendlich dazu veranlasst, eine Partnerschaft einzugehen. \t\t\t\t\t\t\t\t<\/div>\n\t\t\t\t<div class=\"elementor-element elementor-element-8c50c28 elementor-widget elementor-widget-heading\" data-id=\"8c50c28\" data-element_type=\"widget\" data-widget_type=\"heading.default\">\n\t\t\t\t\t<h4 class=\"elementor-heading-title elementor-size-default\">Die Ergebnisse<\/h4>\t\t\t\t<\/div>\n\t\t\t\t<section class=\"elementor-section elementor-inner-section elementor-element elementor-element-9501956 elementor-section-full_width elementor-section-height-default elementor-section-height-default\" data-id=\"9501956\" data-element_type=\"section\">\n\t\t\t\t\t\t<div class=\"elementor-container elementor-column-gap-wide\">\n\t\t\t\t\t<div class=\"elementor-column elementor-col-20 elementor-inner-column elementor-element elementor-element-065829c\" data-id=\"065829c\" data-element_type=\"column\">\n\t\t\t<div class=\"elementor-widget-wrap elementor-element-populated\">\n\t\t\t\t\t\t<div class=\"elementor-element elementor-element-569cc1c elementor-position-top elementor-widget elementor-widget-image-box\" data-id=\"569cc1c\" data-element_type=\"widget\" data-widget_type=\"image-box.default\">\n\t\t\t\t\t<div class=\"elementor-image-box-wrapper\"><figure class=\"elementor-image-box-img\"><img fetchpriority=\"high\" decoding=\"async\" width=\"512\" height=\"512\" src=\"https:\/\/www.parexel-academy.com\/wp-content\/uploads\/2021\/12\/site-icon.png\" class=\"attachment-full size-full wp-image-1529\" alt=\"\" srcset=\"https:\/\/www.parexel-academy.com\/wp-content\/uploads\/2021\/12\/site-icon.png 512w, https:\/\/www.parexel-academy.com\/wp-content\/uploads\/2021\/12\/site-icon-300x300.png 300w, https:\/\/www.parexel-academy.com\/wp-content\/uploads\/2021\/12\/site-icon-150x150.png 150w\" sizes=\"(max-width: 512px) 100vw, 512px\" \/><\/figure><div class=\"elementor-image-box-content\"><h5 class=\"elementor-image-box-title\">\u00dcber 80 Websites<\/h5><\/div><\/div>\t\t\t\t<\/div>\n\t\t\t\t\t<\/div>\n\t\t<\/div>\n\t\t\t\t<div class=\"elementor-column elementor-col-20 elementor-inner-column elementor-element elementor-element-e1e7bf4\" data-id=\"e1e7bf4\" data-element_type=\"column\">\n\t\t\t<div class=\"elementor-widget-wrap elementor-element-populated\">\n\t\t\t\t\t\t<div class=\"elementor-element elementor-element-4764e44 elementor-position-top elementor-widget elementor-widget-image-box\" data-id=\"4764e44\" data-element_type=\"widget\" data-widget_type=\"image-box.default\">\n\t\t\t\t\t<div class=\"elementor-image-box-wrapper\"><figure class=\"elementor-image-box-img\"><img decoding=\"async\" width=\"512\" height=\"512\" src=\"https:\/\/www.parexel-academy.com\/wp-content\/uploads\/2021\/12\/staff-icon-1.png\" class=\"attachment-full size-full wp-image-1530\" alt=\"\" srcset=\"https:\/\/www.parexel-academy.com\/wp-content\/uploads\/2021\/12\/staff-icon-1.png 512w, https:\/\/www.parexel-academy.com\/wp-content\/uploads\/2021\/12\/staff-icon-1-300x300.png 300w, https:\/\/www.parexel-academy.com\/wp-content\/uploads\/2021\/12\/staff-icon-1-150x150.png 150w\" sizes=\"(max-width: 512px) 100vw, 512px\" \/><\/figure><div class=\"elementor-image-box-content\"><h5 class=\"elementor-image-box-title\">\u00dcber 500 Mitarbeiter vor Ort<\/h5><\/div><\/div>\t\t\t\t<\/div>\n\t\t\t\t\t<\/div>\n\t\t<\/div>\n\t\t\t\t<div class=\"elementor-column elementor-col-20 elementor-inner-column elementor-element elementor-element-cc83e2c\" data-id=\"cc83e2c\" data-element_type=\"column\">\n\t\t\t<div class=\"elementor-widget-wrap elementor-element-populated\">\n\t\t\t\t\t\t<div class=\"elementor-element elementor-element-d3abbcb elementor-position-top elementor-widget elementor-widget-image-box\" data-id=\"d3abbcb\" data-element_type=\"widget\" data-widget_type=\"image-box.default\">\n\t\t\t\t\t<div class=\"elementor-image-box-wrapper\"><figure class=\"elementor-image-box-img\"><img decoding=\"async\" width=\"512\" height=\"512\" src=\"https:\/\/www.parexel-academy.com\/wp-content\/uploads\/2021\/12\/investigator-icon-1.png\" class=\"attachment-full size-full wp-image-1533\" alt=\"\" srcset=\"https:\/\/www.parexel-academy.com\/wp-content\/uploads\/2021\/12\/investigator-icon-1.png 512w, https:\/\/www.parexel-academy.com\/wp-content\/uploads\/2021\/12\/investigator-icon-1-300x300.png 300w, https:\/\/www.parexel-academy.com\/wp-content\/uploads\/2021\/12\/investigator-icon-1-150x150.png 150w\" sizes=\"(max-width: 512px) 100vw, 512px\" \/><\/figure><div class=\"elementor-image-box-content\"><h5 class=\"elementor-image-box-title\">\u00dcber 60 Ermittlerzertifikate<\/h5><\/div><\/div>\t\t\t\t<\/div>\n\t\t\t\t\t<\/div>\n\t\t<\/div>\n\t\t\t\t<div class=\"elementor-column elementor-col-20 elementor-inner-column elementor-element elementor-element-7f9d89d\" data-id=\"7f9d89d\" data-element_type=\"column\">\n\t\t\t<div class=\"elementor-widget-wrap elementor-element-populated\">\n\t\t\t\t\t\t<div class=\"elementor-element elementor-element-498ab40 elementor-position-top elementor-widget elementor-widget-image-box\" data-id=\"498ab40\" data-element_type=\"widget\" data-widget_type=\"image-box.default\">\n\t\t\t\t\t<div class=\"elementor-image-box-wrapper\"><figure class=\"elementor-image-box-img\"><img loading=\"lazy\" decoding=\"async\" width=\"512\" height=\"512\" src=\"https:\/\/www.parexel-academy.com\/wp-content\/uploads\/2021\/12\/GCP-icon-1.png\" class=\"attachment-full size-full wp-image-1532\" alt=\"\" srcset=\"https:\/\/www.parexel-academy.com\/wp-content\/uploads\/2021\/12\/GCP-icon-1.png 512w, https:\/\/www.parexel-academy.com\/wp-content\/uploads\/2021\/12\/GCP-icon-1-300x300.png 300w, https:\/\/www.parexel-academy.com\/wp-content\/uploads\/2021\/12\/GCP-icon-1-150x150.png 150w\" sizes=\"(max-width: 512px) 100vw, 512px\" \/><\/figure><div class=\"elementor-image-box-content\"><h5 class=\"elementor-image-box-title\">\u00dcber 100 GCP-Zertifikate <\/h5><\/div><\/div>\t\t\t\t<\/div>\n\t\t\t\t\t<\/div>\n\t\t<\/div>\n\t\t\t\t<div class=\"elementor-column elementor-col-20 elementor-inner-column elementor-element elementor-element-449ad8a\" data-id=\"449ad8a\" data-element_type=\"column\">\n\t\t\t<div class=\"elementor-widget-wrap elementor-element-populated\">\n\t\t\t\t\t\t<div class=\"elementor-element elementor-element-881549f elementor-position-top elementor-widget elementor-widget-image-box\" data-id=\"881549f\" data-element_type=\"widget\" data-widget_type=\"image-box.default\">\n\t\t\t\t\t<div class=\"elementor-image-box-wrapper\"><figure class=\"elementor-image-box-img\"><img loading=\"lazy\" decoding=\"async\" width=\"512\" height=\"512\" src=\"https:\/\/www.parexel-academy.com\/wp-content\/uploads\/2021\/12\/satisfaction-rating-icon-1.png\" class=\"attachment-full size-full wp-image-1531\" alt=\"\" srcset=\"https:\/\/www.parexel-academy.com\/wp-content\/uploads\/2021\/12\/satisfaction-rating-icon-1.png 512w, https:\/\/www.parexel-academy.com\/wp-content\/uploads\/2021\/12\/satisfaction-rating-icon-1-300x300.png 300w, https:\/\/www.parexel-academy.com\/wp-content\/uploads\/2021\/12\/satisfaction-rating-icon-1-150x150.png 150w\" sizes=\"(max-width: 512px) 100vw, 512px\" \/><\/figure><div class=\"elementor-image-box-content\"><h5 class=\"elementor-image-box-title\">4,85\/5,0 durchschnittliche Zufriedenheitsbewertung <\/h5><\/div><\/div>\t\t\t\t<\/div>\n\t\t\t\t\t<\/div>\n\t\t<\/div>\n\t\t\t\t\t<\/div>\n\t\t<\/section>\n\t\t\t\t<div class=\"elementor-element elementor-element-528185c elementor-widget elementor-widget-heading\" data-id=\"528185c\" data-element_type=\"widget\" data-widget_type=\"heading.default\">\n\t\t\t\t\t<h4 class=\"elementor-heading-title elementor-size-default\">Lernen Sie mit der Parexel Academy<\/h4>\t\t\t\t<\/div>\n\t\t\t\t<div class=\"elementor-element elementor-element-0c7776f elementor-widget elementor-widget-text-editor\" data-id=\"0c7776f\" data-element_type=\"widget\" data-widget_type=\"text-editor.default\">\n\t\t\t\t\t\t\t\t\tWenn Sie eine Ausbildung in der klinischen Forschung einsetzen m\u00fcssen, um Arbeitsplatzengp\u00e4ssen oder anderen branchenspezifischen Herausforderungen einen Schritt voraus zu sein, kann Parexel ma\u00dfgeschneiderte Kurse f\u00fcr klinische Studien f\u00fcr Ihre Mitarbeiter entwerfen.\t\t\t\t\t\t\t\t<\/div>\n\t\t\t\t<div class=\"elementor-element elementor-element-bdeb724 elementor-widget elementor-widget-button\" data-id=\"bdeb724\" data-element_type=\"widget\" data-widget_type=\"button.default\">\n\t\t\t\t\t\t\t\t\t\t<a class=\"elementor-button elementor-button-link elementor-size-sm\" href=\"#contact-us\">\n\t\t\t\t\t\t<span class=\"elementor-button-content-wrapper\">\n\t\t\t\t\t\t\t\t\t<span class=\"elementor-button-text\">Vereinbaren Sie einen Beratungstermin<\/span>\n\t\t\t\t\t<\/span>\n\t\t\t\t\t<\/a>\n\t\t\t\t\t\t\t\t<\/div>\n\t\t\t\t\t<\/div>\n\t\t<\/div>\n\t\t\t\t\t<\/div>\n\t\t<\/section>\n\t\t\t\t<\/div>","protected":false},"excerpt":{"rendered":"<p>Custom learning solutions Customized knowledge directly from the world\u2019s largest contract research org Schedule a consultation Case study: Eli Lilly China\u2019s custom clinical research courses We often get requests for customized training. If your desired curriculum doesn&#8217;t currently exist, we have the knowledge base and resources to put one together for you. Below is a [&hellip;]<\/p>\n","protected":false},"author":3,"featured_media":0,"parent":0,"menu_order":0,"comment_status":"closed","ping_status":"closed","template":"","meta":{"_acf_changed":false,"site-sidebar-layout":"no-sidebar","site-content-layout":"page-builder","ast-site-content-layout":"default","site-content-style":"default","site-sidebar-style":"default","ast-global-header-display":"","ast-banner-title-visibility":"","ast-main-header-display":"","ast-hfb-above-header-display":"","ast-hfb-below-header-display":"","ast-hfb-mobile-header-display":"","site-post-title":"disabled","ast-breadcrumbs-content":"","ast-featured-img":"disabled","footer-sml-layout":"","ast-disable-related-posts":"","theme-transparent-header-meta":"","adv-header-id-meta":"","stick-header-meta":"","header-above-stick-meta":"","header-main-stick-meta":"","header-below-stick-meta":"","astra-migrate-meta-layouts":"default","ast-page-background-enabled":"default","ast-page-background-meta":{"desktop":{"background-color":"var(--ast-global-color-4)","background-image":"","background-repeat":"repeat","background-position":"center center","background-size":"auto","background-attachment":"scroll","background-type":"","background-media":"","overlay-type":"","overlay-color":"","overlay-opacity":"","overlay-gradient":""},"tablet":{"background-color":"","background-image":"","background-repeat":"repeat","background-position":"center center","background-size":"auto","background-attachment":"scroll","background-type":"","background-media":"","overlay-type":"","overlay-color":"","overlay-opacity":"","overlay-gradient":""},"mobile":{"background-color":"","background-image":"","background-repeat":"repeat","background-position":"center center","background-size":"auto","background-attachment":"scroll","background-type":"","background-media":"","overlay-type":"","overlay-color":"","overlay-opacity":"","overlay-gradient":""}},"ast-content-background-meta":{"desktop":{"background-color":"var(--ast-global-color-5)","background-image":"","background-repeat":"repeat","background-position":"center center","background-size":"auto","background-attachment":"scroll","background-type":"","background-media":"","overlay-type":"","overlay-color":"","overlay-opacity":"","overlay-gradient":""},"tablet":{"background-color":"var(--ast-global-color-5)","background-image":"","background-repeat":"repeat","background-position":"center center","background-size":"auto","background-attachment":"scroll","background-type":"","background-media":"","overlay-type":"","overlay-color":"","overlay-opacity":"","overlay-gradient":""},"mobile":{"background-color":"var(--ast-global-color-5)","background-image":"","background-repeat":"repeat","background-position":"center center","background-size":"auto","background-attachment":"scroll","background-type":"","background-media":"","overlay-type":"","overlay-color":"","overlay-opacity":"","overlay-gradient":""}},"footnotes":""},"class_list":["post-1501","page","type-page","status-publish","hentry"],"acf":[],"_links":{"self":[{"href":"https:\/\/www.parexel-academy.com\/de\/wp-json\/wp\/v2\/pages\/1501","targetHints":{"allow":["GET"]}}],"collection":[{"href":"https:\/\/www.parexel-academy.com\/de\/wp-json\/wp\/v2\/pages"}],"about":[{"href":"https:\/\/www.parexel-academy.com\/de\/wp-json\/wp\/v2\/types\/page"}],"author":[{"embeddable":true,"href":"https:\/\/www.parexel-academy.com\/de\/wp-json\/wp\/v2\/users\/3"}],"replies":[{"embeddable":true,"href":"https:\/\/www.parexel-academy.com\/de\/wp-json\/wp\/v2\/comments?post=1501"}],"version-history":[{"count":17,"href":"https:\/\/www.parexel-academy.com\/de\/wp-json\/wp\/v2\/pages\/1501\/revisions"}],"predecessor-version":[{"id":3898,"href":"https:\/\/www.parexel-academy.com\/de\/wp-json\/wp\/v2\/pages\/1501\/revisions\/3898"}],"wp:attachment":[{"href":"https:\/\/www.parexel-academy.com\/de\/wp-json\/wp\/v2\/media?parent=1501"}],"curies":[{"name":"wp","href":"https:\/\/api.w.org\/{rel}","templated":true}]}}